{"id":201,"date":"2024-03-04T10:15:41","date_gmt":"2024-03-04T10:15:41","guid":{"rendered":"http:\/\/193.194.89.193\/wp_lgbso\/?page_id=201"},"modified":"2024-03-06T10:17:59","modified_gmt":"2024-03-06T10:17:59","slug":"201-2","status":"publish","type":"page","link":"https:\/\/lgbso.usthb.dz\/index.php\/201-2\/","title":{"rendered":"Manifestations scientifiques"},"content":{"rendered":"\n<p><a href=\"http:\/\/193.194.89.193\/wp_lgbso\/index.php\/congres\/\" data-type=\"page\" data-id=\"204\">Congr<em>\u00e8<\/em>s<\/a><\/p>\n\n\n\n<p><a href=\"http:\/\/193.194.89.193\/wp_lgbso\/index.php\/seminaires\/\" data-type=\"page\" data-id=\"205\">S\u00e9minaires<\/a><\/p>\n\n\n\n<p><a href=\"http:\/\/193.194.89.193\/wp_lgbso\/index.php\/conferences\/\" data-type=\"page\" data-id=\"203\">Conf\u00e9rences<\/a><\/p>\n","protected":false},"excerpt":{"rendered":"<p>Congr\u00e8s S\u00e9minaires Conf\u00e9rences<\/p>\n","protected":false},"author":1,"featured_media":0,"parent":0,"menu_order":0,"comment_status":"closed","ping_status":"closed","template":"","meta":{"footnotes":""},"class_list":["post-201","page","type-page","status-publish","hentry"],"_links":{"self":[{"href":"https:\/\/lgbso.usthb.dz\/index.php\/wp-json\/wp\/v2\/pages\/201","targetHints":{"allow":["GET"]}}],"collection":[{"href":"https:\/\/lgbso.usthb.dz\/index.php\/wp-json\/wp\/v2\/pages"}],"about":[{"href":"https:\/\/lgbso.usthb.dz\/index.php\/wp-json\/wp\/v2\/types\/page"}],"author":[{"embeddable":true,"href":"https:\/\/lgbso.usthb.dz\/index.php\/wp-json\/wp\/v2\/users\/1"}],"replies":[{"embeddable":true,"href":"https:\/\/lgbso.usthb.dz\/index.php\/wp-json\/wp\/v2\/comments?post=201"}],"version-history":[{"count":4,"href":"https:\/\/lgbso.usthb.dz\/index.php\/wp-json\/wp\/v2\/pages\/201\/revisions"}],"predecessor-version":[{"id":242,"href":"https:\/\/lgbso.usthb.dz\/index.php\/wp-json\/wp\/v2\/pages\/201\/revisions\/242"}],"wp:attachment":[{"href":"https:\/\/lgbso.usthb.dz\/index.php\/wp-json\/wp\/v2\/media?parent=201"}],"curies":[{"name":"wp","href":"https:\/\/api.w.org\/{rel}","templated":true}]}}