{"id":151,"date":"2024-02-25T16:36:36","date_gmt":"2024-02-25T16:36:36","guid":{"rendered":"http:\/\/193.194.89.193\/wp_lgbso\/?page_id=151"},"modified":"2024-05-08T11:27:18","modified_gmt":"2024-05-08T11:27:18","slug":"accuei","status":"publish","type":"page","link":"https:\/\/lgbso.usthb.dz\/","title":{"rendered":"Accueil"},"content":{"rendered":"\n<figure class=\"wp-block-image size-full\"><img loading=\"lazy\" decoding=\"async\" width=\"790\" height=\"290\" src=\"http:\/\/193.194.89.193\/wp_lgbso\/wp-content\/uploads\/2024\/03\/image1-1.webp\" alt=\"\" class=\"wp-image-225\" srcset=\"https:\/\/lgbso.usthb.dz\/wp-content\/uploads\/2024\/03\/image1-1.webp 790w, https:\/\/lgbso.usthb.dz\/wp-content\/uploads\/2024\/03\/image1-1-300x110.webp 300w, https:\/\/lgbso.usthb.dz\/wp-content\/uploads\/2024\/03\/image1-1-768x282.webp 768w\" sizes=\"auto, (max-width: 790px) 100vw, 790px\" \/><\/figure>\n\n\n\n<p><strong>IDENTIFICATION<\/strong><\/p>\n\n\n\n<figure class=\"wp-block-table has-small-font-size\"><table><tbody><tr><td><strong>Nom<\/strong><\/td><td>Laboratoire de G\u00e9odynamique des Bassins S\u00e9dimentaires et des Orog\u00e8nes<\/td><\/tr><tr><td><strong>Acronyme<\/strong><\/td><td>LGBSO<\/td><\/tr><tr><td><strong>Mots cl\u00e9s\u00a0<\/strong><\/td><td><\/td><\/tr><tr><td><strong>Facult\u00e9<\/strong><\/td><td>Facult\u00e9 des Sciences de la Terre, de la G\u00e9ographie et&nbsp; de l\u2019Am\u00e9nagement du Territoire (FSTGAT)<\/td><\/tr><tr><td><strong>D\u00e9partement<\/strong><\/td><td>G\u00e9ologie<\/td><\/tr><tr><td><strong>\u00c9tablissement<\/strong><\/td><td>Universit\u00e9 des Sciences et de la Technologie Houari&nbsp; Boumediene (USTHB)<\/td><\/tr><tr><td><strong>Localisation physique<\/strong><\/td><td>FSTGAT \u2013 USTHB<\/td><\/tr><\/tbody><\/table><\/figure>\n\n\n\n<p><strong>AXES DE RECHERCHE<\/strong><\/p>\n\n\n\n<p><\/p>\n\n\n\n<p><strong>DOMAINES D\u2019INTERVENTION<\/strong><\/p>\n\n\n\n<p><\/p>\n","protected":false},"excerpt":{"rendered":"<p>IDENTIFICATION Nom Laboratoire de G\u00e9odynamique des Bassins S\u00e9dimentaires et des Orog\u00e8nes Acronyme LGBSO Mots cl\u00e9s\u00a0 Facult\u00e9 Facult\u00e9 des Sciences de la Terre, de la G\u00e9ographie et&nbsp; de l\u2019Am\u00e9nagement du Territoire (FSTGAT) D\u00e9partement G\u00e9ologie \u00c9tablissement Universit\u00e9 des Sciences et de la <span class=\"readmore\"><a href=\"https:\/\/lgbso.usthb.dz\/\">Continue Reading<\/a><\/span><\/p>\n","protected":false},"author":1,"featured_media":0,"parent":0,"menu_order":0,"comment_status":"closed","ping_status":"closed","template":"","meta":{"footnotes":""},"class_list":["post-151","page","type-page","status-publish","hentry"],"_links":{"self":[{"href":"https:\/\/lgbso.usthb.dz\/index.php\/wp-json\/wp\/v2\/pages\/151","targetHints":{"allow":["GET"]}}],"collection":[{"href":"https:\/\/lgbso.usthb.dz\/index.php\/wp-json\/wp\/v2\/pages"}],"about":[{"href":"https:\/\/lgbso.usthb.dz\/index.php\/wp-json\/wp\/v2\/types\/page"}],"author":[{"embeddable":true,"href":"https:\/\/lgbso.usthb.dz\/index.php\/wp-json\/wp\/v2\/users\/1"}],"replies":[{"embeddable":true,"href":"https:\/\/lgbso.usthb.dz\/index.php\/wp-json\/wp\/v2\/comments?post=151"}],"version-history":[{"count":13,"href":"https:\/\/lgbso.usthb.dz\/index.php\/wp-json\/wp\/v2\/pages\/151\/revisions"}],"predecessor-version":[{"id":358,"href":"https:\/\/lgbso.usthb.dz\/index.php\/wp-json\/wp\/v2\/pages\/151\/revisions\/358"}],"wp:attachment":[{"href":"https:\/\/lgbso.usthb.dz\/index.php\/wp-json\/wp\/v2\/media?parent=151"}],"curies":[{"name":"wp","href":"https:\/\/api.w.org\/{rel}","templated":true}]}}