{"id":15,"date":"2024-02-22T09:52:54","date_gmt":"2024-02-22T09:52:54","guid":{"rendered":"http:\/\/193.194.89.193\/wp_lgbso\/?page_id=15"},"modified":"2024-05-08T11:22:55","modified_gmt":"2024-05-08T11:22:55","slug":"equipe-3","status":"publish","type":"page","link":"https:\/\/lgbso.usthb.dz\/index.php\/equipe-3\/","title":{"rendered":"\u00c9quipe 3"},"content":{"rendered":"\n<p><strong>Macro pal\u00e9ontologie et environnements de d\u00e9p\u00f4t.<\/strong><\/p>\n\n\n\n<h3 class=\"wp-block-heading\">MEMBRES<\/h3>\n\n\n\n<p><strong>Chef d\u2019\u00e9quipe&nbsp;:<\/strong>&nbsp;Farid ATROUNE (Professeur)<\/p>\n\n\n\n<figure class=\"wp-block-table has-small-font-size\"><table><thead><tr><th><strong>Nom<\/strong><\/th><th><strong>Pr\u00e9nom<\/strong><\/th><th><strong>Grade<\/strong><\/th><th><strong>USTHB\/NON<\/strong><\/th><\/tr><\/thead><tbody><tr><td>ATROUNE<\/td><td>Farid<\/td><td>Professeur<\/td><td>USTHB<\/td><\/tr><tr><td>CHAIDSAOUDI<\/td><td>Yasmina<\/td><td>Professeur<\/td><td>NON<\/td><\/tr><tr><td>BOURUOIBA<\/td><td>Wassila<\/td><td>MAA<\/td><td>USTHB<\/td><\/tr><tr><td>DAHOUMANE<\/td><td>Anissa<\/td><td>MAA<\/td><td>USTHB<\/td><\/tr><tr><td>MAKHLOUF<\/td><td>Yamouna<\/td><td>MCB<\/td><td>NON<\/td><\/tr><\/tbody><\/table><\/figure>\n","protected":false},"excerpt":{"rendered":"<p>Macro pal\u00e9ontologie et environnements de d\u00e9p\u00f4t. MEMBRES Chef d\u2019\u00e9quipe&nbsp;:&nbsp;Farid ATROUNE (Professeur) Nom Pr\u00e9nom Grade USTHB\/NON ATROUNE Farid Professeur USTHB CHAIDSAOUDI Yasmina Professeur NON BOURUOIBA Wassila MAA USTHB DAHOUMANE Anissa MAA USTHB MAKHLOUF Yamouna MCB NON<\/p>\n","protected":false},"author":1,"featured_media":0,"parent":0,"menu_order":0,"comment_status":"closed","ping_status":"closed","template":"","meta":{"footnotes":""},"class_list":["post-15","page","type-page","status-publish","hentry"],"_links":{"self":[{"href":"https:\/\/lgbso.usthb.dz\/index.php\/wp-json\/wp\/v2\/pages\/15","targetHints":{"allow":["GET"]}}],"collection":[{"href":"https:\/\/lgbso.usthb.dz\/index.php\/wp-json\/wp\/v2\/pages"}],"about":[{"href":"https:\/\/lgbso.usthb.dz\/index.php\/wp-json\/wp\/v2\/types\/page"}],"author":[{"embeddable":true,"href":"https:\/\/lgbso.usthb.dz\/index.php\/wp-json\/wp\/v2\/users\/1"}],"replies":[{"embeddable":true,"href":"https:\/\/lgbso.usthb.dz\/index.php\/wp-json\/wp\/v2\/comments?post=15"}],"version-history":[{"count":12,"href":"https:\/\/lgbso.usthb.dz\/index.php\/wp-json\/wp\/v2\/pages\/15\/revisions"}],"predecessor-version":[{"id":354,"href":"https:\/\/lgbso.usthb.dz\/index.php\/wp-json\/wp\/v2\/pages\/15\/revisions\/354"}],"wp:attachment":[{"href":"https:\/\/lgbso.usthb.dz\/index.php\/wp-json\/wp\/v2\/media?parent=15"}],"curies":[{"name":"wp","href":"https:\/\/api.w.org\/{rel}","templated":true}]}}